{"id":4286,"date":"2023-08-08T08:49:57","date_gmt":"2023-08-08T06:49:57","guid":{"rendered":"https:\/\/www.federazionecinofila.it\/?page_id=4286"},"modified":"2025-06-03T10:02:17","modified_gmt":"2025-06-03T08:02:17","slug":"mantrailing-operativo","status":"publish","type":"page","link":"https:\/\/www.federazionecinofila.it\/index.php\/mantrailing-operativo\/","title":{"rendered":"Mantrailing Operativo"},"content":{"rendered":"<div data-colibri-id=\"4286-c1\" class=\"style-3323 style-local-4286-c1 position-relative\">\n  <!---->\n  <div data-colibri-component=\"section\" data-colibri-id=\"4286-c2\" id=\"about\" class=\"h-section h-section-global-spacing d-flex align-items-lg-center align-items-md-center align-items-center style-3347 style-local-4286-c2 position-relative\">\n    <!---->\n    <!---->\n    <div class=\"h-section-grid-container h-section-boxed-container\">\n      <!---->\n      <div data-colibri-id=\"4286-c3\" class=\"h-row-container gutters-row-lg-0 gutters-row-md-0 gutters-row-0 gutters-row-v-lg-0 gutters-row-v-md-0 gutters-row-v-0 style-3348 style-local-4286-c3 position-relative\">\n        <!---->\n        <div class=\"h-row justify-content-lg-center justify-content-md-center justify-content-center align-items-lg-stretch align-items-md-stretch align-items-stretch gutters-col-lg-0 gutters-col-md-0 gutters-col-0 gutters-col-v-lg-0 gutters-col-v-md-0 gutters-col-v-0\">\n          <!---->\n          <div class=\"h-column h-column-container d-flex h-col-lg-auto h-col-md-auto h-col-auto style-3349-outer style-local-4286-c4-outer\">\n            <div data-colibri-id=\"4286-c4\" class=\"d-flex h-flex-basis h-column__inner h-px-lg-0 h-px-md-0 h-px-0 v-inner-lg-0 v-inner-md-0 v-inner-0 style-3349 style-local-4286-c4 position-relative\">\n              <!---->\n              <!---->\n              <div class=\"w-100 h-y-container h-column__content h-column__v-align flex-basis-100 align-self-lg-start align-self-md-start align-self-start\">\n                <!---->\n                <div data-colibri-id=\"4286-c5\" class=\"h-global-transition-all h-heading style-3351 style-local-4286-c5 position-relative h-element\">\n                  <!---->\n                  <div class=\"h-heading__outer style-3351 style-local-4286-c5\">\n                    <!---->\n                    <!---->\n                    <h2 class=\"\">Attivit\u00e0 di protezione civile&nbsp; con&nbsp;<em style=\"font-family: &quot;Playfair Display&quot;;\">specializzazione<\/em>&#8220;Ricerca Cinofila&#8221;<\/h2>\n                  <\/div>\n                <\/div>\n                <div data-colibri-id=\"4286-c6\" class=\"h-text h-text-component style-3352 style-local-4286-c6 position-relative h-element\">\n                  <!---->\n                  <!---->\n                  <div class=\"\">\n                    <p>Iscritta al registro del volontariato di Regione Lombardia. Tra le attivit\u00e0 della ODV vi \u00e8 quella relativa ai compiti di protezione civile, nonch\u00e0 attivit\u00e0 sociali e ambientali.<\/p>\n                  <\/div>\n                <\/div>\n              <\/div>\n            <\/div>\n          <\/div>\n          <div class=\"h-column h-column-container d-flex h-col-lg-auto h-col-md-auto h-col-auto style-3353-outer style-local-4286-c7-outer\">\n            <div data-colibri-id=\"4286-c7\" class=\"d-flex h-flex-basis h-column__inner h-ui-empty-state-container h-px-lg-2 h-px-md-2 h-px-2 v-inner-lg-2 v-inner-md-2 v-inner-2 style-3353 style-local-4286-c7 position-relative\">\n              <!---->\n              <!---->\n              <div class=\"w-100 h-y-container h-column__content h-column__v-align flex-basis-100\">\n                <!---->\n              <\/div>\n            <\/div>\n          <\/div>\n        <\/div>\n      <\/div>\n    <\/div>\n  <\/div>\n  <div data-colibri-component=\"section\" data-colibri-id=\"4286-c8\" id=\"reusable-sections-2\" class=\"h-section h-section-global-spacing d-flex align-items-lg-center align-items-md-center align-items-center style-4281 style-local-4286-c8 position-relative\">\n    <!---->\n    <!---->\n    <div class=\"h-section-grid-container h-section-boxed-container\">\n      <!---->\n      <div data-colibri-id=\"4286-c9\" class=\"h-row-container gutters-row-lg-0 gutters-row-md-0 gutters-row-2 gutters-row-v-lg-0 gutters-row-v-md-0 gutters-row-v-2 style-4282 style-local-4286-c9 position-relative\">\n        <!---->\n        <div class=\"h-row justify-content-lg-center justify-content-md-center justify-content-center align-items-lg-stretch align-items-md-stretch align-items-stretch gutters-col-lg-0 gutters-col-md-0 gutters-col-2 gutters-col-v-lg-0 gutters-col-v-md-0 gutters-col-v-2\">\n          <!---->\n          <div class=\"h-column h-column-container d-flex h-col-lg-4 h-col-md-4 h-col-12 style-4283-outer style-local-4286-c10-outer\">\n            <div data-colibri-id=\"4286-c10\" class=\"d-flex h-flex-basis h-column__inner h-px-lg-3 h-px-md-3 h-px-2 v-inner-lg-3 v-inner-md-3 v-inner-2 style-4283 style-local-4286-c10 position-relative\">\n              <!---->\n              <!---->\n              <div class=\"w-100 h-y-container h-column__content h-column__v-align flex-basis-100 align-self-lg-start align-self-md-start align-self-start\">\n                <!---->\n                <div data-colibri-id=\"4286-c11\" class=\"h-icon style-4284 style-local-4286-c11 position-relative h-element\">\n                  <!----><span class=\"h-svg-icon h-icon__icon style-4284-icon style-local-4286-c11-icon\"><!--Icon by Font Awesome (https:\/\/fontawesome.com)-->\n    <svg version=\"1.1\" xmlns=\"http:\/\/www.w3.org\/2000\/svg\" xmlns:xlink=\"http:\/\/www.w3.org\/1999\/xlink\" id=\"video-camera\" viewBox=\"0 0 1792 1896.0833\">\n      <path d=\"M1792 352v1088q0 42-39 59-13 5-25 5-27 0-45-19l-403-403v166q0 119-84.5 203.5T992 1536H288q-119 0-203.5-84.5T0 1248V544q0-119 84.5-203.5T288 256h704q119 0 203.5 84.5T1280 544v165l403-402q18-19 45-19 12 0 25 5 39 17 39 59z\"><\/path>\n    <\/svg><\/span><\/div>\n                <div data-colibri-id=\"4286-c12\" class=\"h-global-transition-all h-heading style-4285 style-local-4286-c12 position-relative h-element\">\n                  <!---->\n                  <div class=\"h-heading__outer style-4285 style-local-4286-c12\">\n                    <!---->\n                    <!---->\n                    <h5 class=\"\">VIDEO 1 &#8211; STORY TIME<\/h5>\n                  <\/div>\n                <\/div>\n                <div data-colibri-id=\"4286-c13\" class=\"d-block style-4289 style-local-4286-c13 position-relative h-element\">\n                  <!---->\n                  <div class=\"h-image__frame-container-outer\">\n                    <a href=\"https:\/\/www.youtube.com\/watch?v=IMiDbFNstNo\" h-use-smooth-scroll=\"true\" class=\"image-link\">\n                      <div class=\"h-image__frame-container\">\n                        <!---->\n                        <!---->\n                        <img loading=\"lazy\" decoding=\"async\" width=\"1725\" height=\"749\" src=\"http:\/\/www.federazionecinofila.it\/wp-content\/uploads\/2024\/06\/1.png\" class=\"wp-image-6858 style-4289-image style-local-4286-c13-image\" alt=\"\" srcset=\"https:\/\/www.federazionecinofila.it\/wp-content\/uploads\/2024\/06\/1.png 1725w, https:\/\/www.federazionecinofila.it\/wp-content\/uploads\/2024\/06\/1-300x130.png 300w, https:\/\/www.federazionecinofila.it\/wp-content\/uploads\/2024\/06\/1-1024x445.png 1024w, https:\/\/www.federazionecinofila.it\/wp-content\/uploads\/2024\/06\/1-768x333.png 768w, https:\/\/www.federazionecinofila.it\/wp-content\/uploads\/2024\/06\/1-1536x667.png 1536w, https:\/\/www.federazionecinofila.it\/wp-content\/uploads\/2024\/06\/1-600x261.png 600w\" sizes=\"auto, (max-width: 1725px) 100vw, 1725px\" \/>\n                        <div class=\"h-image__frame h-hide-lg h-hide-md h-hide-sm style-4289-frameImage style-local-4286-c13-frameImage\"><\/div>\n                      <\/div>\n                    <\/a>\n                  <\/div>\n                <\/div>\n              <\/div>\n            <\/div>\n          <\/div>\n          <div class=\"h-column h-column-container d-flex h-col-lg-4 h-col-md-4 h-col-12 style-4283-outer style-local-4286-c14-outer\">\n            <div data-colibri-id=\"4286-c14\" class=\"d-flex h-flex-basis h-column__inner h-px-lg-3 h-px-md-3 h-px-2 v-inner-lg-3 v-inner-md-3 v-inner-2 style-4283 style-local-4286-c14 position-relative\">\n              <!---->\n              <!---->\n              <div class=\"w-100 h-y-container h-column__content h-column__v-align flex-basis-100 align-self-lg-start align-self-md-start align-self-start\">\n                <!---->\n                <div data-colibri-id=\"4286-c15\" class=\"h-icon style-4284 style-local-4286-c15 position-relative h-element\">\n                  <!----><span class=\"h-svg-icon h-icon__icon style-4284-icon style-local-4286-c15-icon\"><!--Icon by Font Awesome (https:\/\/fontawesome.com)-->\n    <svg version=\"1.1\" xmlns=\"http:\/\/www.w3.org\/2000\/svg\" xmlns:xlink=\"http:\/\/www.w3.org\/1999\/xlink\" id=\"video-camera\" viewBox=\"0 0 1792 1896.0833\">\n      <path d=\"M1792 352v1088q0 42-39 59-13 5-25 5-27 0-45-19l-403-403v166q0 119-84.5 203.5T992 1536H288q-119 0-203.5-84.5T0 1248V544q0-119 84.5-203.5T288 256h704q119 0 203.5 84.5T1280 544v165l403-402q18-19 45-19 12 0 25 5 39 17 39 59z\"><\/path>\n    <\/svg><\/span><\/div>\n                <div data-colibri-id=\"4286-c16\" class=\"h-global-transition-all h-heading style-4285 style-local-4286-c16 position-relative h-element\">\n                  <!---->\n                  <div class=\"h-heading__outer style-4285 style-local-4286-c16\">\n                    <!---->\n                    <!---->\n                    <h5 class=\"\">VIDEO 2 &#8211; SOIC<\/h5>\n                  <\/div>\n                <\/div>\n                <div data-colibri-id=\"4286-c17\" class=\"d-block style-4290 style-local-4286-c17 position-relative h-element\">\n                  <!---->\n                  <div class=\"h-image__frame-container-outer\">\n                    <a href=\"https:\/\/www.youtube.com\/watch?v=yhyH67JV8sA\" h-use-smooth-scroll=\"true\" class=\"image-link\">\n                      <div class=\"h-image__frame-container\">\n                        <!---->\n                        <!---->\n                        <img loading=\"lazy\" decoding=\"async\" width=\"1518\" height=\"767\" src=\"http:\/\/www.federazionecinofila.it\/wp-content\/uploads\/2024\/06\/2.png\" class=\"wp-image-6859 style-4290-image style-local-4286-c17-image\" alt=\"\" srcset=\"https:\/\/www.federazionecinofila.it\/wp-content\/uploads\/2024\/06\/2.png 1518w, https:\/\/www.federazionecinofila.it\/wp-content\/uploads\/2024\/06\/2-300x152.png 300w, https:\/\/www.federazionecinofila.it\/wp-content\/uploads\/2024\/06\/2-1024x517.png 1024w, https:\/\/www.federazionecinofila.it\/wp-content\/uploads\/2024\/06\/2-768x388.png 768w, https:\/\/www.federazionecinofila.it\/wp-content\/uploads\/2024\/06\/2-600x303.png 600w\" sizes=\"auto, (max-width: 1518px) 100vw, 1518px\" \/>\n                        <div class=\"h-image__frame h-hide-lg h-hide-md h-hide-sm style-4290-frameImage style-local-4286-c17-frameImage\"><\/div>\n                      <\/div>\n                    <\/a>\n                  <\/div>\n                <\/div>\n              <\/div>\n            <\/div>\n          <\/div>\n        <\/div>\n      <\/div>\n    <\/div>\n  <\/div>\n  <div data-colibri-component=\"section\" data-colibri-id=\"4286-c18\" id=\"reusable-sections\" class=\"h-section h-section-global-spacing d-flex align-items-lg-center align-items-md-center align-items-center style-3362 style-local-4286-c18 position-relative\">\n    <!---->\n    <!---->\n    <div class=\"h-section-grid-container h-section-boxed-container\">\n      <!---->\n      <div data-colibri-id=\"4286-c19\" class=\"h-row-container gutters-row-lg-0 gutters-row-md-0 gutters-row-2 gutters-row-v-lg-0 gutters-row-v-md-0 gutters-row-v-2 style-3363 style-local-4286-c19 position-relative\">\n        <!---->\n        <div class=\"h-row justify-content-lg-center justify-content-md-center justify-content-center align-items-lg-stretch align-items-md-stretch align-items-stretch gutters-col-lg-0 gutters-col-md-0 gutters-col-2 gutters-col-v-lg-0 gutters-col-v-md-0 gutters-col-v-2\">\n          <!---->\n          <div class=\"h-column h-column-container d-flex h-col-lg-4 h-col-md-4 h-col-12 style-3364-outer style-local-4286-c20-outer\">\n            <div data-colibri-id=\"4286-c20\" class=\"d-flex h-flex-basis h-column__inner h-px-lg-3 h-px-md-3 h-px-2 v-inner-lg-3 v-inner-md-3 v-inner-2 style-3364 style-local-4286-c20 position-relative\">\n              <!---->\n              <!---->\n              <div class=\"w-100 h-y-container h-column__content h-column__v-align flex-basis-100 align-self-lg-start align-self-md-start align-self-start\">\n                <!---->\n                <div data-colibri-id=\"4286-c21\" class=\"h-icon style-3365 style-local-4286-c21 position-relative h-element\">\n                  <!----><span class=\"h-svg-icon h-icon__icon style-3365-icon style-local-4286-c21-icon\"><!--Icon by Icons8 Line Awesome (https:\/\/icons8.com\/line-awesome)--><svg version=\"1.1\" xmlns=\"http:\/\/www.w3.org\/2000\/svg\" xmlns:xlink=\"http:\/\/www.w3.org\/1999\/xlink\" id=\"paper-plane\" viewBox=\"0 0 512 545.5\"><path d=\"M57.5 117.5L86 129l352 144 36.5 15-36.5 15L86 447l-28.5 11.5 7-30 31-140.5-31-140.5zm44.5 53L124.5 272h226zM124.5 304L102 405.5 350.5 304h-226z\"><\/path><\/svg><\/span><\/div>\n                <div\n                  data-colibri-id=\"4286-c22\" class=\"h-global-transition-all h-heading style-3366 style-local-4286-c22 position-relative h-element\">\n                  <!---->\n                  <div class=\"h-heading__outer style-3366 style-local-4286-c22\">\n                    <!---->\n                    <!---->\n                    <h5 class=\"\">REFERENTE MANTRAILING OPERATIVO<\/h5>\n                  <\/div>\n              <\/div>\n              <div data-colibri-id=\"4286-c23\" class=\"h-text h-text-component style-3367 style-local-4286-c23 position-relative h-element\">\n                <!---->\n                <!---->\n                <div class=\"\">\n                  <p>Paolo Gionfriddo<\/p>\n                  <p>Tel. +39&nbsp;331 3615475<\/p>\n                <\/div>\n              <\/div>\n            <\/div>\n          <\/div>\n        <\/div>\n        <div class=\"h-column h-column-container d-flex h-col-lg-4 h-col-md-4 h-col-12 style-3364-outer style-local-4286-c24-outer\">\n          <div data-colibri-id=\"4286-c24\" class=\"d-flex h-flex-basis h-column__inner h-px-lg-3 h-px-md-3 h-px-2 v-inner-lg-3 v-inner-md-3 v-inner-2 style-3364 style-local-4286-c24 position-relative\">\n            <!---->\n            <!---->\n            <div class=\"w-100 h-y-container h-column__content h-column__v-align flex-basis-100 align-self-lg-start align-self-md-start align-self-start\">\n              <!---->\n              <div data-colibri-id=\"4286-c25\" class=\"h-icon style-3365 style-local-4286-c25 position-relative h-element\">\n                <!----><span class=\"h-svg-icon h-icon__icon style-3365-icon style-local-4286-c25-icon\"><!--Icon by Icons8 Line Awesome (https:\/\/icons8.com\/line-awesome)--><svg version=\"1.1\" xmlns=\"http:\/\/www.w3.org\/2000\/svg\" xmlns:xlink=\"http:\/\/www.w3.org\/1999\/xlink\" id=\"cubes\" viewBox=\"0 0 512 545.5\"><path d=\"M256 96l6 2.5 96 38.5 10 4v107.5l86.5 37.5 9.5 4.5v129l-8 5-96 53.5-7.5 4-7.5-3.5-89-44.5-89 44.5-7.5 3.5-7.5-4-96-53.5-8-5v-129l9.5-4.5 86.5-37.5V141l10-4 96-38.5zm0 35l-52.5 20.5L256 172l52.5-20.5zm-80 44v74l64 28.5v-78zm160 0l-64 24.5v78l64-28.5v-74zM160 277l-58 25 58 29 58-28.5zm192 0l-40 17.5-18 8 58 28.5 58-29zM80 326.5V401l64 36v-78.5zm352 0l-64 32V437l64-36v-74.5zm-192 1l-64 31V438l64-32v-78.5zm32 0V406l64 32v-79.5z\"><\/path><\/svg><\/span><\/div>\n              <div\n                data-colibri-id=\"4286-c26\" class=\"h-global-transition-all h-heading style-3366 style-local-4286-c26 position-relative h-element\">\n                <!---->\n                <div class=\"h-heading__outer style-3366 style-local-4286-c26\">\n                  <!---->\n                  <!---->\n                  <h5 class=\"\">unita&#8217; cinofila<\/h5>\n                <\/div>\n            <\/div>\n            <div data-colibri-id=\"4286-c27\" class=\"d-block style-3371 style-local-4286-c27 position-relative h-element\">\n              <!---->\n              <div class=\"h-image__frame-container-outer\">\n                <div class=\"h-image__frame-container\">\n                  <!---->\n                  <!---->\n                  <img decoding=\"async\" src=\"https:\/\/www.federazionecinofila.it\/wp-content\/uploads\/2023\/08\/PHOTO-2023-08-03-14-00-20-287x300.jpg\" class=\"style-3371-image style-local-4286-c27-image\">\n                  <div class=\"h-image__frame h-hide-lg h-hide-md h-hide-sm style-3371-frameImage style-local-4286-c27-frameImage\"><\/div>\n                <\/div>\n              <\/div>\n            <\/div>\n          <\/div>\n        <\/div>\n      <\/div>\n      <div class=\"h-column h-column-container d-flex h-col-lg-4 h-col-md-4 h-col-12 style-3364-outer style-local-4286-c28-outer\">\n        <div data-colibri-id=\"4286-c28\" class=\"d-flex h-flex-basis h-column__inner h-px-lg-3 h-px-md-3 h-px-2 v-inner-lg-3 v-inner-md-3 v-inner-2 style-3364 style-local-4286-c28 position-relative\">\n          <!---->\n          <!---->\n          <div class=\"w-100 h-y-container h-column__content h-column__v-align flex-basis-100 align-self-lg-start align-self-md-start align-self-start\">\n            <!---->\n            <div data-colibri-id=\"4286-c29\" class=\"h-icon style-3365 style-local-4286-c29 position-relative h-element\">\n              <!----><span class=\"h-svg-icon h-icon__icon style-3365-icon style-local-4286-c29-icon\"><!--Icon by Font Awesome (https:\/\/fontawesome.com)-->\n    <svg version=\"1.1\" xmlns=\"http:\/\/www.w3.org\/2000\/svg\" xmlns:xlink=\"http:\/\/www.w3.org\/1999\/xlink\" id=\"paw\" viewBox=\"0 0 1664 1896.0833\">\n      <path d=\"M780 472q0 60-19 113.5T698 678t-105 39q-76 0-138-57.5T363 524t-30-151q0-60 19-113.5t63-92.5 105-39q77 0 138.5 57.5t91.5 135T780 472zM438 955q0 80-42 139t-119 59q-76 0-141.5-55.5T35 964 0 812q0-80 42-139.5T161 613q76 0 141.5 55.5t100.5 134T438 955zm394-27q118 0 255 97.5t229 237 92 254.5q0 46-17 76.5t-48.5 45-64.5 20-76 5.5q-68 0-187.5-45T832 1574q-66 0-192.5 44.5T439 1663q-183 0-183-146 0-86 56-191.5T451.5 1133 639 987t193-59zm239-211q-61 0-105-39t-63-92.5T884 472q0-74 30-151.5t91.5-135T1144 128q61 0 105 39t63 92.5 19 113.5q0 73-30 151t-92 135.5-138 57.5zm432-104q77 0 119 59.5t42 139.5q0 74-35 152t-100.5 133.5T1387 1153q-77 0-119-59t-42-139q0-74 35-152.5t100.5-134T1503 613z\"><\/path>\n    <\/svg><\/span><\/div>\n            <div data-colibri-id=\"4286-c30\" class=\"h-global-transition-all h-heading style-3366 style-local-4286-c30 position-relative h-element\">\n              <!---->\n              <div class=\"h-heading__outer style-3366 style-local-4286-c30\">\n                <!---->\n                <!---->\n                <h5 class=\"\">disciplinare operativo<\/h5>\n              <\/div>\n            <\/div>\n            <div data-colibri-id=\"4286-c31\" class=\"h-text h-text-component style-3367 style-local-4286-c31 position-relative h-element\">\n              <!---->\n              <!---->\n              <div class=\"\">\n                <p>Ecco di seguito tutti i dettagli sul disciplinare <\/p>\n              <\/div>\n            <\/div>\n            <div data-colibri-id=\"4286-c32\" class=\"h-x-container style-3368 style-local-4286-c32 position-relative h-element\">\n              <!---->\n              <div class=\"h-x-container-inner style-dynamic-4286-c32-group style-3368-spacing style-local-4286-c32-spacing\"><span class=\"h-link__outer style-3369-outer style-local-4286-c33-outer d-inline-flex h-element\"><a h-use-smooth-scroll=\"true\" href=\"https:\/\/1drv.ms\/b\/c\/7630fc5e3fcb9652\/EY-lEYQeE2VNjGB4g0IZlagBR0PC0kkAnasR2zoA289Hfg?e=9DrF6b\"  data-colibri-id=\"4286-c33\" class=\"d-flex w-100 align-items-center h-link style-3369 style-local-4286-c33 position-relative\"><!----><!----> <span>DISCIPLINARE OPERATIVO<\/span>                <span class=\"h-svg-icon h-link__icon style-3369-icon style-local-4286-c33-icon\"><!--Icon by Icons8 Line Awesome (https:\/\/icons8.com\/line-awesome)--><svg version=\"1.1\" xmlns=\"http:\/\/www.w3.org\/2000\/svg\" xmlns:xlink=\"http:\/\/www.w3.org\/1999\/xlink\" id=\"angle-double-right\" viewBox=\"0 0 512 545.5\"><path d=\"M145.5 108.5l168 168L325 288l-11.5 11.5-168 168-22.5-23L279.5 288 123 131.5zm112 0l168 168L437 288l-11.5 11.5-168 168-22.5-23L391.5 288 235 131.5z\"><\/path><\/svg><\/span><\/a>\n                <\/span><span class=\"h-link__outer style-3369-outer style-local-4286-c34-outer d-inline-flex h-element\"><a h-use-smooth-scroll=\"true\" href=\"https:\/\/1drv.ms\/b\/c\/7630fc5e3fcb9652\/EVzljunJAeZMp0NjDnJxjsMBa2484XRvx9hPf62m8zlu2Q?e=C1c9Y4\"  data-colibri-id=\"4286-c34\" class=\"d-flex w-100 align-items-center h-link style-3369 style-local-4286-c34 position-relative\"><!----><!----> <span>DISCIPLINARE LOGISTICO<\/span>                <span class=\"h-svg-icon h-link__icon style-3369-icon style-local-4286-c34-icon\"><!--Icon by Icons8 Line Awesome (https:\/\/icons8.com\/line-awesome)--><svg version=\"1.1\" xmlns=\"http:\/\/www.w3.org\/2000\/svg\" xmlns:xlink=\"http:\/\/www.w3.org\/1999\/xlink\" id=\"angle-double-right\" viewBox=\"0 0 512 545.5\"><path d=\"M145.5 108.5l168 168L325 288l-11.5 11.5-168 168-22.5-23L279.5 288 123 131.5zm112 0l168 168L437 288l-11.5 11.5-168 168-22.5-23L391.5 288 235 131.5z\"><\/path><\/svg><\/span><\/a>\n                <\/span>\n              <\/div>\n            <\/div>\n          <\/div>\n        <\/div>\n      <\/div>\n    <\/div>\n  <\/div>\n<\/div>\n<\/div>\n<\/div>","protected":false},"excerpt":{"rendered":"<p>Attivit\u00e0 di protezione civile&nbsp; con&nbsp;specializzazione&#8220;Ricerca Cinofila&#8221; Iscritta al registro del volontariato di Regione Lombardia. Tra le attivit\u00e0 della ODV vi \u00e8 quella relativa ai compiti di protezione civile, nonch\u00e0 attivit\u00e0 sociali e ambientali. VIDEO 1 &#8211; STORY TIME VIDEO 2 &#8211; SOIC REFERENTE MANTRAILING OPERATIVO Paolo Gionfriddo Tel. +39&nbsp;331 3615475 unita&#8217; cinofila disciplinare operativo Ecco [&hellip;]<\/p>\n","protected":false},"author":1,"featured_media":0,"parent":0,"menu_order":0,"comment_status":"closed","ping_status":"closed","template":"page-templates\/full-width-page.php","meta":{"footnotes":""},"class_list":["post-4286","page","type-page","status-publish","hentry"],"jetpack_sharing_enabled":true,"_links":{"self":[{"href":"https:\/\/www.federazionecinofila.it\/index.php\/wp-json\/wp\/v2\/pages\/4286","targetHints":{"allow":["GET"]}}],"collection":[{"href":"https:\/\/www.federazionecinofila.it\/index.php\/wp-json\/wp\/v2\/pages"}],"about":[{"href":"https:\/\/www.federazionecinofila.it\/index.php\/wp-json\/wp\/v2\/types\/page"}],"author":[{"embeddable":true,"href":"https:\/\/www.federazionecinofila.it\/index.php\/wp-json\/wp\/v2\/users\/1"}],"replies":[{"embeddable":true,"href":"https:\/\/www.federazionecinofila.it\/index.php\/wp-json\/wp\/v2\/comments?post=4286"}],"version-history":[{"count":8,"href":"https:\/\/www.federazionecinofila.it\/index.php\/wp-json\/wp\/v2\/pages\/4286\/revisions"}],"predecessor-version":[{"id":9846,"href":"https:\/\/www.federazionecinofila.it\/index.php\/wp-json\/wp\/v2\/pages\/4286\/revisions\/9846"}],"wp:attachment":[{"href":"https:\/\/www.federazionecinofila.it\/index.php\/wp-json\/wp\/v2\/media?parent=4286"}],"curies":[{"name":"wp","href":"https:\/\/api.w.org\/{rel}","templated":true}]}}