{"id":3261,"date":"2023-05-24T16:08:44","date_gmt":"2023-05-24T14:08:44","guid":{"rendered":"https:\/\/www.federazionecinofila.it\/?page_id=3261"},"modified":"2025-02-05T11:55:02","modified_gmt":"2025-02-05T10:55:02","slug":"partner-sportivi","status":"publish","type":"page","link":"https:\/\/www.federazionecinofila.it\/index.php\/partner-sportivi\/","title":{"rendered":"Partner Sportivi"},"content":{"rendered":"<div data-colibri-id=\"3261-c1\" class=\"style-2977 style-local-3261-c1 position-relative\">\n  <!---->\n  <div data-colibri-component=\"section\" data-colibri-id=\"3261-c2\" id=\"about\" class=\"h-section h-section-global-spacing d-flex align-items-lg-center align-items-md-center align-items-center style-2978 style-local-3261-c2 position-relative\">\n    <!---->\n    <!---->\n    <div class=\"h-section-grid-container h-section-boxed-container\">\n      <!---->\n      <div data-colibri-id=\"3261-c3\" class=\"h-row-container gutters-row-lg-0 gutters-row-md-0 gutters-row-0 gutters-row-v-lg-0 gutters-row-v-md-0 gutters-row-v-0 style-2979 style-local-3261-c3 position-relative\">\n        <!---->\n        <div class=\"h-row justify-content-lg-center justify-content-md-center justify-content-center align-items-lg-stretch align-items-md-stretch align-items-stretch gutters-col-lg-0 gutters-col-md-0 gutters-col-0 gutters-col-v-lg-0 gutters-col-v-md-0 gutters-col-v-0\">\n          <!---->\n          <div class=\"h-column h-column-container d-flex h-col-lg-auto h-col-md-auto h-col-auto style-2980-outer style-local-3261-c4-outer\">\n            <div data-colibri-id=\"3261-c4\" class=\"d-flex h-flex-basis h-column__inner h-px-lg-0 h-px-md-0 h-px-0 v-inner-lg-0 v-inner-md-0 v-inner-0 style-2980 style-local-3261-c4 position-relative\">\n              <!---->\n              <!---->\n              <div class=\"w-100 h-y-container h-column__content h-column__v-align flex-basis-100 align-self-lg-start align-self-md-start align-self-start\">\n                <!---->\n                <div data-colibri-id=\"3261-c5\" class=\"h-global-transition-all h-heading style-2982 style-local-3261-c5 position-relative h-element\">\n                  <!---->\n                  <div class=\"h-heading__outer style-2982 style-local-3261-c5\">\n                    <!---->\n                    <!---->\n                    <h2 class=\"\">I nostri&nbsp;<em style=\"font-family: &quot;Playfair Display&quot;;\">partner sportivi <\/em>sono aziende del mondo del pet che hanno deciso si unirsi al nostro progetto sportivo!<\/h2>\n                  <\/div>\n                <\/div>\n                <div data-colibri-id=\"3261-c6\" class=\"h-text h-text-component style-2983 style-local-3261-c6 position-relative h-element\">\n                  <!---->\n                  <!---->\n                  <div class=\"\">\n                    <p>I partner sportivi sostengono e promuovono le attivit\u00e0 cinofile dei Campionati Nazionali CIS al fine di contribuire allo sviluppo delle attivit\u00e0 sportive per garantire una sempre pi\u00f9 ampia diffusione delle attivit\u00e0 cinofile su tutto\n                      il territorio nazionale.<\/p>\n                  <\/div>\n                <\/div>\n              <\/div>\n            <\/div>\n          <\/div>\n          <div class=\"h-column h-column-container d-flex h-col-lg-auto h-col-md-auto h-col-auto style-2984-outer style-local-3261-c7-outer\">\n            <div data-colibri-id=\"3261-c7\" class=\"d-flex h-flex-basis h-column__inner h-ui-empty-state-container h-px-lg-2 h-px-md-2 h-px-2 v-inner-lg-2 v-inner-md-2 v-inner-2 style-2984 style-local-3261-c7 position-relative\">\n              <!---->\n              <!---->\n              <div class=\"w-100 h-y-container h-column__content h-column__v-align flex-basis-100\">\n                <!---->\n              <\/div>\n            <\/div>\n          <\/div>\n        <\/div>\n      <\/div>\n      <div data-colibri-id=\"3261-c8\" class=\"h-row-container gutters-row-lg-2 gutters-row-md-2 gutters-row-0 gutters-row-v-lg-2 gutters-row-v-md-2 gutters-row-v-2 style-2985 style-local-3261-c8 position-relative\">\n        <!---->\n        <div class=\"h-row justify-content-lg-center justify-content-md-center justify-content-center align-items-lg-stretch align-items-md-stretch align-items-stretch gutters-col-lg-2 gutters-col-md-2 gutters-col-0 gutters-col-v-lg-2 gutters-col-v-md-2 gutters-col-v-2\">\n          <!---->\n          <div class=\"h-column h-column-container d-flex h-col-lg-auto h-col-md-auto h-col-auto style-2986-outer style-local-3261-c9-outer\">\n            <div data-colibri-id=\"3261-c9\" class=\"d-flex h-flex-basis h-column__inner h-px-lg-2 h-px-md-2 h-px-2 v-inner-lg-2 v-inner-md-2 v-inner-2 style-2986 style-local-3261-c9 position-relative\">\n              <!---->\n              <!---->\n              <div class=\"w-100 h-y-container h-column__content h-column__v-align flex-basis-100 align-self-lg-start align-self-md-start align-self-start\">\n                <!---->\n                <div data-colibri-id=\"3261-c10\" class=\"h-global-transition-all h-heading style-2987 style-local-3261-c10 position-relative h-element\">\n                  <!---->\n                  <div class=\"h-heading__outer style-2987 style-local-3261-c10\">\n                    <!---->\n                    <!---->\n                    <h2 class=\"\">Vi presentiamo i nostri\n                      <br>Partner Sportivi<\/h2>\n                  <\/div>\n                <\/div>\n              <\/div>\n            <\/div>\n          <\/div>\n        <\/div>\n      <\/div>\n      <div data-colibri-id=\"3261-c11\" class=\"h-row-container gutters-row-lg-2 gutters-row-md-2 gutters-row-0 gutters-row-v-lg-2 gutters-row-v-md-2 gutters-row-v-2 style-2988 style-local-3261-c11 position-relative\">\n        <!---->\n        <div class=\"h-row justify-content-lg-center justify-content-md-center justify-content-center align-items-lg-stretch align-items-md-stretch align-items-stretch gutters-col-lg-2 gutters-col-md-2 gutters-col-0 gutters-col-v-lg-2 gutters-col-v-md-2 gutters-col-v-2\">\n          <!---->\n          <div class=\"h-column h-column-container d-flex h-col-lg-auto h-col-md-auto h-col-auto style-2989-outer style-local-3261-c12-outer\">\n            <div data-colibri-id=\"3261-c12\" class=\"d-flex h-flex-basis h-column__inner h-px-lg-2 h-px-md-2 h-px-2 v-inner-lg-2 v-inner-md-2 v-inner-2 style-2989 style-local-3261-c12 position-relative\">\n              <!---->\n              <!---->\n              <div class=\"w-100 h-y-container h-column__content h-column__v-align flex-basis-100 align-self-lg-start align-self-md-start align-self-start\">\n                <!---->\n                <div data-colibri-id=\"3261-c13\" class=\"d-block style-2992 style-local-3261-c13 position-relative h-element\">\n                  <!---->\n                  <div class=\"h-image__frame-container-outer\">\n                    <div class=\"h-image__frame-container\">\n                      <!---->\n                      <!---->\n                      <img loading=\"lazy\" decoding=\"async\" width=\"655\" height=\"655\" src=\"http:\/\/www.federazionecinofila.it\/wp-content\/uploads\/2023\/05\/FILO_DI_ARIANNA2.jpg\" class=\"wp-image-3264 style-2992-image style-local-3261-c13-image\" alt=\"\" srcset=\"https:\/\/www.federazionecinofila.it\/wp-content\/uploads\/2023\/05\/FILO_DI_ARIANNA2.jpg 655w, https:\/\/www.federazionecinofila.it\/wp-content\/uploads\/2023\/05\/FILO_DI_ARIANNA2-300x300.jpg 300w, https:\/\/www.federazionecinofila.it\/wp-content\/uploads\/2023\/05\/FILO_DI_ARIANNA2-150x150.jpg 150w, https:\/\/www.federazionecinofila.it\/wp-content\/uploads\/2023\/05\/FILO_DI_ARIANNA2-600x600.jpg 600w, https:\/\/www.federazionecinofila.it\/wp-content\/uploads\/2023\/05\/FILO_DI_ARIANNA2-100x100.jpg 100w\" sizes=\"auto, (max-width: 655px) 100vw, 655px\" \/>\n                      <div class=\"h-image__frame h-hide-lg h-hide-md h-hide-sm style-2992-frameImage style-local-3261-c13-frameImage\"><\/div>\n                    <\/div>\n                  <\/div>\n                <\/div>\n                <div data-colibri-id=\"3261-c14\" class=\"h-text h-text-component style-3106 style-local-3261-c14 position-relative h-element\">\n                  <!---->\n                  <!---->\n                  <div class=\"\">\n                    <p>Vendita e realizzazione a mano di collari e guinzagli in paracord. L&#8217;intero ricavato \u00e8 devoluto all&#8217;Associazione il Filo di Arianna<\/p>\n                  <\/div>\n                <\/div>\n                <div data-colibri-id=\"3261-c15\" class=\"h-x-container style-2996 style-local-3261-c15 position-relative h-element\">\n                  <!---->\n                  <div class=\"h-x-container-inner style-dynamic-3261-c15-group style-2996-spacing style-local-3261-c15-spacing\"><span class=\"h-link__outer style-2997-outer style-local-3261-c16-outer d-inline-flex h-element\"><a h-use-smooth-scroll=\"true\" href=\"https:\/\/www.facebook.com\/ilfilodiariannaofficial\"  data-colibri-id=\"3261-c16\" class=\"d-flex w-100 align-items-center h-link style-2997 style-local-3261-c16 position-relative\"><!----><span  class=\"h-svg-icon h-link__icon style-2997-icon style-local-3261-c16-icon\"><!--Icon by Font Awesome (https:\/\/fontawesome.com)-->\n    <svg version=\"1.1\" xmlns=\"http:\/\/www.w3.org\/2000\/svg\" xmlns:xlink=\"http:\/\/www.w3.org\/1999\/xlink\" id=\"star\" viewBox=\"0 0 1664 1896.0833\">\n      <path d=\"M1664 647q0 22-26 48l-363 354 86 500q1 7 1 20 0 21-10.5 35.5T1321 1619q-19 0-40-12l-449-236-449 236q-22 12-40 12-21 0-31.5-14.5T301 1569q0-6 2-20l86-500L25 695Q0 668 0 647q0-37 56-46l502-73L783 73q19-41 49-41t49 41l225 455 502 73q56 9 56 46z\"><\/path>\n    <\/svg><\/span> <span>IL FILO DI ARIANNA SITO WEB<\/span><\/a>\n                    <\/span>\n                  <\/div>\n                <\/div>\n              <\/div>\n            <\/div>\n          <\/div>\n          <div class=\"h-column h-column-container d-flex h-col-lg-auto h-col-md-auto h-col-auto style-2990-outer style-local-3261-c17-outer\">\n            <div data-colibri-id=\"3261-c17\" class=\"d-flex h-flex-basis h-column__inner h-px-lg-2 h-px-md-2 h-px-2 v-inner-lg-2 v-inner-md-2 v-inner-2 style-2990 style-local-3261-c17 position-relative\">\n              <!---->\n              <!---->\n              <div class=\"w-100 h-y-container h-column__content h-column__v-align flex-basis-100 align-self-lg-start align-self-md-start align-self-start\">\n                <!---->\n                <div data-colibri-id=\"3261-c18\" class=\"d-block style-2993 style-local-3261-c18 position-relative h-element\">\n                  <!---->\n                  <div class=\"h-image__frame-container-outer\">\n                    <div class=\"h-image__frame-container\">\n                      <!---->\n                      <!---->\n                      <img loading=\"lazy\" decoding=\"async\" width=\"655\" height=\"655\" src=\"http:\/\/www.federazionecinofila.it\/wp-content\/uploads\/2023\/06\/giulius_sito.png\" class=\"wp-image-3740 style-2993-image style-local-3261-c18-image\" alt=\"\" srcset=\"https:\/\/www.federazionecinofila.it\/wp-content\/uploads\/2023\/06\/giulius_sito.png 655w, https:\/\/www.federazionecinofila.it\/wp-content\/uploads\/2023\/06\/giulius_sito-300x300.png 300w, https:\/\/www.federazionecinofila.it\/wp-content\/uploads\/2023\/06\/giulius_sito-150x150.png 150w, https:\/\/www.federazionecinofila.it\/wp-content\/uploads\/2023\/06\/giulius_sito-600x600.png 600w, https:\/\/www.federazionecinofila.it\/wp-content\/uploads\/2023\/06\/giulius_sito-100x100.png 100w\" sizes=\"auto, (max-width: 655px) 100vw, 655px\" \/>\n                      <div class=\"h-image__frame h-hide-lg h-hide-md h-hide-sm style-2993-frameImage style-local-3261-c18-frameImage\"><\/div>\n                    <\/div>\n                  <\/div>\n                <\/div>\n                <div data-colibri-id=\"3261-c19\" class=\"h-text h-text-component style-3103 style-local-3261-c19 position-relative h-element\">\n                  <!---->\n                  <!---->\n                  <div class=\"\">\n                    <p>Chiunque possieda una tessera CIS potr\u00e0 aderire a delle fantastiche scontistiche sia negli store sia online! Segui il link qui sotto!<\/p>\n                  <\/div>\n                <\/div>\n                <div data-colibri-id=\"3261-c20\" class=\"h-x-container style-3104 style-local-3261-c20 position-relative h-element\">\n                  <!---->\n                  <div class=\"h-x-container-inner style-dynamic-3261-c20-group style-3104-spacing style-local-3261-c20-spacing\"><span class=\"h-link__outer style-3105-outer style-local-3261-c21-outer d-inline-flex h-element\"><a h-use-smooth-scroll=\"true\" href=\"www.giuliuspetshop.it\/convenzioni\/cis\"  data-colibri-id=\"3261-c21\" class=\"d-flex w-100 align-items-center h-link style-3105 style-local-3261-c21 position-relative\"><!----><span  class=\"h-svg-icon h-link__icon style-3105-icon style-local-3261-c21-icon\"><!--Icon by Font Awesome (https:\/\/fontawesome.com)-->\n    <svg version=\"1.1\" xmlns=\"http:\/\/www.w3.org\/2000\/svg\" xmlns:xlink=\"http:\/\/www.w3.org\/1999\/xlink\" id=\"star\" viewBox=\"0 0 1664 1896.0833\">\n      <path d=\"M1664 647q0 22-26 48l-363 354 86 500q1 7 1 20 0 21-10.5 35.5T1321 1619q-19 0-40-12l-449-236-449 236q-22 12-40 12-21 0-31.5-14.5T301 1569q0-6 2-20l86-500L25 695Q0 668 0 647q0-37 56-46l502-73L783 73q19-41 49-41t49 41l225 455 502 73q56 9 56 46z\"><\/path>\n    <\/svg><\/span> <span>GIULIUS CONVENZIONE<\/span><\/a>\n                    <\/span>\n                  <\/div>\n                <\/div>\n              <\/div>\n            <\/div>\n          <\/div>\n          <div class=\"h-column h-column-container d-flex h-col-lg-auto h-col-md-auto h-col-auto style-2991-outer style-local-3261-c22-outer\">\n            <div data-colibri-id=\"3261-c22\" class=\"d-flex h-flex-basis h-column__inner h-px-lg-2 h-px-md-2 h-px-2 v-inner-lg-2 v-inner-md-2 v-inner-2 style-2991 style-local-3261-c22 position-relative\">\n              <!---->\n              <!---->\n              <div class=\"w-100 h-y-container h-column__content h-column__v-align flex-basis-100 align-self-lg-start align-self-md-start align-self-start\">\n                <!---->\n                <div data-colibri-id=\"3261-c23\" class=\"d-block style-2994 style-local-3261-c23 position-relative h-element\">\n                  <!---->\n                  <div class=\"h-image__frame-container-outer\">\n                    <div class=\"h-image__frame-container\">\n                      <!---->\n                      <!---->\n                      <img loading=\"lazy\" decoding=\"async\" width=\"655\" height=\"655\" src=\"http:\/\/www.federazionecinofila.it\/wp-content\/uploads\/2023\/06\/logo-canopolis3.png\" class=\"wp-image-3756 style-2994-image style-local-3261-c23-image\" alt=\"\" srcset=\"https:\/\/www.federazionecinofila.it\/wp-content\/uploads\/2023\/06\/logo-canopolis3.png 655w, https:\/\/www.federazionecinofila.it\/wp-content\/uploads\/2023\/06\/logo-canopolis3-300x300.png 300w, https:\/\/www.federazionecinofila.it\/wp-content\/uploads\/2023\/06\/logo-canopolis3-150x150.png 150w, https:\/\/www.federazionecinofila.it\/wp-content\/uploads\/2023\/06\/logo-canopolis3-600x600.png 600w, https:\/\/www.federazionecinofila.it\/wp-content\/uploads\/2023\/06\/logo-canopolis3-100x100.png 100w\" sizes=\"auto, (max-width: 655px) 100vw, 655px\" \/>\n                      <div class=\"h-image__frame h-hide-lg h-hide-md h-hide-sm style-2994-frameImage style-local-3261-c23-frameImage\"><\/div>\n                    <\/div>\n                  <\/div>\n                <\/div>\n                <div data-colibri-id=\"3261-c24\" class=\"h-text h-text-component style-3107 style-local-3261-c24 position-relative h-element\">\n                  <!---->\n                  <!---->\n                  <div class=\"\">\n                    <p>Shop online e negozio a Reggio Emilia con prodotti di qualit\u00e0 , grande attenzione al cliente su cibo, accessori e cura dei pet.<\/p>\n                  <\/div>\n                <\/div>\n                <div data-colibri-id=\"3261-c25\" class=\"h-x-container style-3108 style-local-3261-c25 position-relative h-element\">\n                  <!---->\n                  <div class=\"h-x-container-inner style-dynamic-3261-c25-group style-3108-spacing style-local-3261-c25-spacing\"><span class=\"h-link__outer style-3109-outer style-local-3261-c26-outer d-inline-flex h-element\"><a h-use-smooth-scroll=\"true\" href=\"https:\/\/canopolis.it\/\"  data-colibri-id=\"3261-c26\" class=\"d-flex w-100 align-items-center h-link style-3109 style-local-3261-c26 position-relative\"><!----><span  class=\"h-svg-icon h-link__icon style-3109-icon style-local-3261-c26-icon\"><!--Icon by Font Awesome (https:\/\/fontawesome.com)-->\n    <svg version=\"1.1\" xmlns=\"http:\/\/www.w3.org\/2000\/svg\" xmlns:xlink=\"http:\/\/www.w3.org\/1999\/xlink\" id=\"star\" viewBox=\"0 0 1664 1896.0833\">\n      <path d=\"M1664 647q0 22-26 48l-363 354 86 500q1 7 1 20 0 21-10.5 35.5T1321 1619q-19 0-40-12l-449-236-449 236q-22 12-40 12-21 0-31.5-14.5T301 1569q0-6 2-20l86-500L25 695Q0 668 0 647q0-37 56-46l502-73L783 73q19-41 49-41t49 41l225 455 502 73q56 9 56 46z\"><\/path>\n    <\/svg><\/span> <span>CANOPOLI PET DISCOUNT PLUS<\/span><\/a>\n                    <\/span>\n                  <\/div>\n                <\/div>\n              <\/div>\n            <\/div>\n          <\/div>\n        <\/div>\n      <\/div>\n      <div data-colibri-id=\"3261-c27\" class=\"h-row-container gutters-row-lg-2 gutters-row-md-2 gutters-row-0 gutters-row-v-lg-2 gutters-row-v-md-2 gutters-row-v-2 style-2998 style-local-3261-c27 position-relative\">\n        <!---->\n        <div class=\"h-row justify-content-lg-center justify-content-md-center justify-content-center align-items-lg-stretch align-items-md-stretch align-items-stretch gutters-col-lg-2 gutters-col-md-2 gutters-col-0 gutters-col-v-lg-2 gutters-col-v-md-2 gutters-col-v-2\">\n          <!---->\n          <div class=\"h-column h-column-container d-flex h-col-lg-auto h-col-md-auto h-col-auto style-2999-outer style-local-3261-c28-outer\">\n            <div data-colibri-id=\"3261-c28\" class=\"d-flex h-flex-basis h-column__inner h-px-lg-2 h-px-md-2 h-px-2 v-inner-lg-2 v-inner-md-2 v-inner-2 style-2999 style-local-3261-c28 position-relative\">\n              <!---->\n              <!---->\n              <div class=\"w-100 h-y-container h-column__content h-column__v-align flex-basis-100 align-self-lg-start align-self-md-start align-self-start\">\n                <!---->\n                <div data-colibri-id=\"3261-c29\" class=\"h-global-transition-all h-heading style-3000 style-local-3261-c29 position-relative h-element\">\n                  <!---->\n                  <div class=\"h-heading__outer style-3000 style-local-3261-c29\">\n                    <!---->\n                    <!---->\n                    <h2 class=\"\">Vuoi diventare un nostro partner?<\/h2>\n                  <\/div>\n                <\/div>\n                <div data-colibri-id=\"3261-c30\" class=\"h-x-container style-3004 style-local-3261-c30 position-relative h-element\">\n                  <!---->\n                  <div class=\"h-x-container-inner style-dynamic-3261-c30-group style-3004-spacing style-local-3261-c30-spacing\"><span class=\"h-link__outer style-3005-outer style-local-3261-c31-outer d-inline-flex h-element\"><a h-use-smooth-scroll=\"true\" href=\"mailto:info@federazionecinofila.it\"  data-colibri-id=\"3261-c31\" class=\"d-flex w-100 align-items-center h-link style-3005 style-local-3261-c31 position-relative\"><!----><span  class=\"h-svg-icon h-link__icon style-3005-icon style-local-3261-c31-icon\"><!--Icon by Font Awesome (https:\/\/fontawesome.com)-->\n    <svg version=\"1.1\" xmlns=\"http:\/\/www.w3.org\/2000\/svg\" xmlns:xlink=\"http:\/\/www.w3.org\/1999\/xlink\" id=\"envelope-o\" viewBox=\"0 0 1792 1896.0833\">\n      <path d=\"M1664 1504V736q-32 36-69 66-268 206-426 338-51 43-83 67t-86.5 48.5T897 1280h-2q-48 0-102.5-24.5T706 1207t-83-67q-158-132-426-338-37-30-69-66v768q0 13 9.5 22.5t22.5 9.5h1472q13 0 22.5-9.5t9.5-22.5zm0-1051v-24.5l-.5-13-3-12.5-5.5-9-9-7.5-14-2.5H160q-13 0-22.5 9.5T128 416q0 168 147 284 193 152 401 317 6 5 35 29.5t46 37.5 44.5 31.5T852 1143t43 9h2q20 0 43-9t50.5-27.5 44.5-31.5 46-37.5 35-29.5q208-165 401-317 54-43 100.5-115.5T1664 453zm128-37v1088q0 66-47 113t-113 47H160q-66 0-113-47T0 1504V416q0-66 47-113t113-47h1472q66 0 113 47t47 113z\"><\/path>\n    <\/svg><\/span> <span>scrivici a info@federazionecinofila.it<\/span><\/a>\n                    <\/span>\n                  <\/div>\n                <\/div>\n              <\/div>\n            <\/div>\n          <\/div>\n        <\/div>\n      <\/div>\n    <\/div>\n  <\/div>\n<\/div>","protected":false},"excerpt":{"rendered":"<p>I nostri&nbsp;partner sportivi sono aziende del mondo del pet che hanno deciso si unirsi al nostro progetto sportivo! I partner sportivi sostengono e promuovono le attivit\u00e0 cinofile dei Campionati Nazionali CIS al fine di contribuire allo sviluppo delle attivit\u00e0 sportive per garantire una sempre pi\u00f9 ampia diffusione delle attivit\u00e0 cinofile su tutto il territorio nazionale. [&hellip;]<\/p>\n","protected":false},"author":1,"featured_media":0,"parent":0,"menu_order":0,"comment_status":"closed","ping_status":"closed","template":"page-templates\/full-width-page.php","meta":{"footnotes":""},"class_list":["post-3261","page","type-page","status-publish","hentry"],"jetpack_sharing_enabled":true,"_links":{"self":[{"href":"https:\/\/www.federazionecinofila.it\/index.php\/wp-json\/wp\/v2\/pages\/3261","targetHints":{"allow":["GET"]}}],"collection":[{"href":"https:\/\/www.federazionecinofila.it\/index.php\/wp-json\/wp\/v2\/pages"}],"about":[{"href":"https:\/\/www.federazionecinofila.it\/index.php\/wp-json\/wp\/v2\/types\/page"}],"author":[{"embeddable":true,"href":"https:\/\/www.federazionecinofila.it\/index.php\/wp-json\/wp\/v2\/users\/1"}],"replies":[{"embeddable":true,"href":"https:\/\/www.federazionecinofila.it\/index.php\/wp-json\/wp\/v2\/comments?post=3261"}],"version-history":[{"count":7,"href":"https:\/\/www.federazionecinofila.it\/index.php\/wp-json\/wp\/v2\/pages\/3261\/revisions"}],"predecessor-version":[{"id":8777,"href":"https:\/\/www.federazionecinofila.it\/index.php\/wp-json\/wp\/v2\/pages\/3261\/revisions\/8777"}],"wp:attachment":[{"href":"https:\/\/www.federazionecinofila.it\/index.php\/wp-json\/wp\/v2\/media?parent=3261"}],"curies":[{"name":"wp","href":"https:\/\/api.w.org\/{rel}","templated":true}]}}